{"id":40,"date":"2026-01-21T13:09:28","date_gmt":"2026-01-21T11:09:28","guid":{"rendered":"https:\/\/opekas.utu.fi\/?page_id=40"},"modified":"2026-01-21T13:09:28","modified_gmt":"2026-01-21T11:09:28","slug":"tapahtumat","status":"publish","type":"page","link":"https:\/\/opekas.utu.fi\/?page_id=40","title":{"rendered":"Tapahtumat"},"content":{"rendered":"\n<h2 class=\"wp-block-heading has-text-align-center\" id=\"aioseo-tapahtumat\" style=\"font-size:32px\"><strong>Tapahtumat<\/strong><\/h2>\n\n\n\n<hr class=\"wp-block-separator has-alpha-channel-opacity\"\/>\n\n\n\n<p class=\"has-source-serif-pro-font-family\" id=\"<iframe-src=&quot;https:\/\/calendar.google.com\/calendar\/embed?src=h02lrshulb91t360n2ut11qoao%40group.calendar.google.com&amp;ctz=Europe%2FHelsinki&quot;-style=&quot;border:-0&quot;-width=&quot;800&quot;-height=&quot;600&quot;-frameborder=&quot;0&quot;-scrolling=&quot;no&quot;&gt;<\/iframe&gt;\">Tapahtumakalenterista n\u00e4et kaikki M\u00e4en tulevat tapahtuma.<\/p>\n\n\n<iframe loading=\"lazy\" src=\"https:\/\/calendar.google.com\/calendar\/embed?src=h02lrshulb91t360n2ut11qoao%40group.calendar.google.com&#038;ctz=Europe%2FHelsinki\" style=\"border: 0\" width=\"800\" height=\"600\" frameborder=\"0\" scrolling=\"no\"><\/iframe>\n\n\n<p class=\"has-source-serif-pro-font-family\" id=\"<iframe-src=&quot;https:\/\/calendar.google.com\/calendar\/embed?src=h02lrshulb91t360n2ut11qoao%40group.calendar.google.com&amp;ctz=Europe%2FHelsinki&quot;-style=&quot;border:-0&quot;-width=&quot;800&quot;-height=&quot;600&quot;-frameborder=&quot;0&quot;-scrolling=&quot;no&quot;&gt;<\/iframe&gt;\">Opekas ry noudattaa tapahtumissaan TYY:n turvallisen tilan periaatteita. T\u00e4m\u00e4 tarkoittaa sit\u00e4, ett\u00e4 kaikilla on vapaus olla oma itsens\u00e4, jokaisella on vapaus ilmaista itse\u00e4\u00e4n ja olla osallinen kaikessa toiminnassa. Turvallisessa tilassa kaikki h\u00e4irint\u00e4 on ehdottomasti kielletty\u00e4. H\u00e4irint\u00e4\u00e4 on mik\u00e4 tahansa toiminta tai k\u00e4yt\u00f6s, joka on toista alistavaa, vihamielisen ja ep\u00e4miellytt\u00e4v\u00e4n ilmapiirin tai ihmisen tai ihmisryhm\u00e4n uhkailua <\/p>\n\n\n\n<p class=\"has-source-serif-pro-font-family\">Turvallisen tilan periaatteet l\u00f6yd\u00e4t <span style=\"text-decoration: underline;\"><a title=\"\" href=\"https:\/\/www.tyy.fi\/fi\/node\/11133\">t\u00e4\u00e4lt\u00e4<\/a><\/span>!<\/p>\n\n\n\n<p class=\"has-source-serif-pro-font-family\">Opekas ry nime\u00e4\u00e4 jokaiseen tapahtumaansa yhdenvertaisuusvastaavan, johon voi olla yhteydess\u00e4 tarvittaessa. Yhdenvertaisuusvastaavan l\u00f6yd\u00e4t tapahtumien julkaisuista sek\u00e4 tapahtuman alkaessa h\u00e4net my\u00f6s esitell\u00e4\u00e4n. Hallituksen yhdenvertaisuusvastaavana toimii vuonna 2026 Claudia Gonzalez.<\/p>\n","protected":false},"excerpt":{"rendered":"<p>Tapahtumat Tapahtumakalenterista n\u00e4et kaikki M\u00e4en tulevat tapahtuma. Opekas ry noudattaa tapahtumissaan TYY:n turvallisen tilan periaatteita. T\u00e4m\u00e4 tarkoittaa sit\u00e4, ett\u00e4 kaikilla on vapaus olla oma itsens\u00e4, jokaisella on vapaus ilmaista itse\u00e4\u00e4n [&hellip;]<\/p>\n","protected":false},"author":2,"featured_media":0,"parent":0,"menu_order":0,"comment_status":"closed","ping_status":"closed","template":"","meta":{"_uf_show_specific_survey":0,"_uf_disable_surveys":false,"_EventAllDay":false,"_EventTimezone":"","_EventStartDate":"","_EventEndDate":"","_EventStartDateUTC":"","_EventEndDateUTC":"","_EventShowMap":false,"_EventShowMapLink":false,"_EventURL":"","_EventCost":"","_EventCostDescription":"","_EventCurrencySymbol":"","_EventCurrencyCode":"","_EventCurrencyPosition":"","_EventDateTimeSeparator":"","_EventTimeRangeSeparator":"","_EventOrganizerID":[],"_EventVenueID":[],"_OrganizerEmail":"","_OrganizerPhone":"","_OrganizerWebsite":"","_VenueAddress":"","_VenueCity":"","_VenueCountry":"","_VenueProvince":"","_VenueState":"","_VenueZip":"","_VenuePhone":"","_VenueURL":"","_VenueStateProvince":"","_VenueLat":"","_VenueLng":"","_VenueShowMap":false,"_VenueShowMapLink":false,"footnotes":""},"class_list":["post-40","page","type-page","status-publish","hentry"],"aioseo_notices":[],"jetpack_sharing_enabled":true,"_links":{"self":[{"href":"https:\/\/opekas.utu.fi\/index.php?rest_route=\/wp\/v2\/pages\/40","targetHints":{"allow":["GET"]}}],"collection":[{"href":"https:\/\/opekas.utu.fi\/index.php?rest_route=\/wp\/v2\/pages"}],"about":[{"href":"https:\/\/opekas.utu.fi\/index.php?rest_route=\/wp\/v2\/types\/page"}],"author":[{"embeddable":true,"href":"https:\/\/opekas.utu.fi\/index.php?rest_route=\/wp\/v2\/users\/2"}],"replies":[{"embeddable":true,"href":"https:\/\/opekas.utu.fi\/index.php?rest_route=%2Fwp%2Fv2%2Fcomments&post=40"}],"version-history":[{"count":7,"href":"https:\/\/opekas.utu.fi\/index.php?rest_route=\/wp\/v2\/pages\/40\/revisions"}],"predecessor-version":[{"id":334,"href":"https:\/\/opekas.utu.fi\/index.php?rest_route=\/wp\/v2\/pages\/40\/revisions\/334"}],"wp:attachment":[{"href":"https:\/\/opekas.utu.fi\/index.php?rest_route=%2Fwp%2Fv2%2Fmedia&parent=40"}],"curies":[{"name":"wp","href":"https:\/\/api.w.org\/{rel}","templated":true}]}}