{"id":34,"date":"2025-11-09T20:29:48","date_gmt":"2025-11-09T18:29:48","guid":{"rendered":"https:\/\/opekas.utu.fi\/?page_id=34"},"modified":"2025-11-19T21:53:51","modified_gmt":"2025-11-19T19:53:51","slug":"jaseneksi","status":"publish","type":"page","link":"https:\/\/opekas.utu.fi\/?page_id=34","title":{"rendered":"J\u00e4seneksi"},"content":{"rendered":"\n<div class=\"wp-block-media-text has-media-on-the-right is-stacked-on-mobile\" style=\"grid-template-columns:auto 27%\"><div class=\"wp-block-media-text__content\">\n<h2 class=\"wp-block-heading\">J\u00e4seneksi<\/h2>\n<\/div><figure class=\"wp-block-media-text__media\"><img loading=\"lazy\" decoding=\"async\" width=\"1024\" height=\"1024\" src=\"https:\/\/opekas.utu.fi\/wp-content\/uploads\/2025\/11\/Opekas-logo.uusi_.some_.pdf-1024x1024.png\" alt=\"\" class=\"wp-image-152 size-full\" srcset=\"https:\/\/opekas.utu.fi\/wp-content\/uploads\/2025\/11\/Opekas-logo.uusi_.some_.pdf-1024x1024.png 1024w, https:\/\/opekas.utu.fi\/wp-content\/uploads\/2025\/11\/Opekas-logo.uusi_.some_.pdf-300x300.png 300w, https:\/\/opekas.utu.fi\/wp-content\/uploads\/2025\/11\/Opekas-logo.uusi_.some_.pdf-150x150.png 150w, https:\/\/opekas.utu.fi\/wp-content\/uploads\/2025\/11\/Opekas-logo.uusi_.some_.pdf-768x768.png 768w, https:\/\/opekas.utu.fi\/wp-content\/uploads\/2025\/11\/Opekas-logo.uusi_.some_.pdf-1536x1536.png 1536w, https:\/\/opekas.utu.fi\/wp-content\/uploads\/2025\/11\/Opekas-logo.uusi_.some_.pdf.png 2000w\" sizes=\"auto, (max-width: 1024px) 100vw, 1024px\" \/><\/figure><\/div>\n\n\n\n<div class=\"wp-block-cover alignfull is-light\" style=\"min-height:522px;aspect-ratio:unset;\"><img loading=\"lazy\" decoding=\"async\" width=\"1024\" height=\"1024\" class=\"wp-block-cover__image-background wp-image-152 size-large\" alt=\"\" src=\"https:\/\/opekas.utu.fi\/wp-content\/uploads\/2025\/11\/Opekas-logo.uusi_.some_.pdf-1024x1024.png\" data-object-fit=\"cover\" srcset=\"https:\/\/opekas.utu.fi\/wp-content\/uploads\/2025\/11\/Opekas-logo.uusi_.some_.pdf-1024x1024.png 1024w, https:\/\/opekas.utu.fi\/wp-content\/uploads\/2025\/11\/Opekas-logo.uusi_.some_.pdf-300x300.png 300w, https:\/\/opekas.utu.fi\/wp-content\/uploads\/2025\/11\/Opekas-logo.uusi_.some_.pdf-150x150.png 150w, https:\/\/opekas.utu.fi\/wp-content\/uploads\/2025\/11\/Opekas-logo.uusi_.some_.pdf-768x768.png 768w, https:\/\/opekas.utu.fi\/wp-content\/uploads\/2025\/11\/Opekas-logo.uusi_.some_.pdf-1536x1536.png 1536w, https:\/\/opekas.utu.fi\/wp-content\/uploads\/2025\/11\/Opekas-logo.uusi_.some_.pdf.png 2000w\" sizes=\"auto, (max-width: 1024px) 100vw, 1024px\" \/><span aria-hidden=\"true\" class=\"wp-block-cover__background has-background-dim\" style=\"background-color:#e9e9e9\"><\/span><div class=\"wp-block-cover__inner-container is-layout-constrained wp-block-cover-is-layout-constrained\">\n<h2 class=\"wp-block-heading has-text-align-center has-large-font-size\"><em><strong><mark style=\"background-color:rgba(0, 0, 0, 0);color:#000000\" class=\"has-inline-color\">Opekkaan j\u00e4senyys<\/mark><\/strong><\/em> <\/h2>\n<\/div><\/div>\n\n\n\n<div class=\"wp-block-buttons is-content-justification-center is-layout-flex wp-container-core-buttons-is-layout-a89b3969 wp-block-buttons-is-layout-flex\">\n<div class=\"wp-block-button is-style-outline is-style-outline--1\"><a class=\"wp-block-button__link has-background-background-color has-background has-source-serif-pro-font-family has-custom-font-size wp-element-button\" href=\"https:\/\/kide.app\/memberships\/c0be1276-cba8-4e41-8f20-ffa7c7890f96\" style=\"font-size:22px\">Osta j\u00e4senyys t\u00e4\u00e4lt\u00e4!<\/a><\/div>\n<\/div>\n\n\n\n<p class=\"has-source-serif-pro-font-family\">Opekas ry:n j\u00e4seneksi voit liitty\u00e4 Kide.appin kautta. Maksu on lukuvuosikohtainen ja kaudella 2025-2026 j\u00e4senmaksu on 15 euroa. J\u00e4senmaksun maksamisen olet oikeutettu muun muassa seuraaviin j\u00e4senetuihin:<\/p>\n\n\n\n<ul class=\"wp-block-list\">\n<li class=\"has-source-serif-pro-font-family\">Ilmaiset\/alennetut tapahtumat (mm. Opekkaan liikuntavuorot, sitsit, pikkujouluristeily<\/li>\n\n\n\n<li class=\"has-source-serif-pro-font-family\">Koulutuspoliittinen edunvalvonta<\/li>\n\n\n\n<li class=\"has-source-serif-pro-font-family\">Opekkaan j\u00e4rjest\u00e4mist\u00e4 tapahtumista j\u00e4senet saa tapahtumaliput halvemmalla.<\/li>\n\n\n\n<li class=\"has-source-serif-pro-font-family\">Alennukset yhteisty\u00f6kumppaneilta<\/li>\n\n\n\n<li class=\"has-source-serif-pro-font-family\">Opekkaan tavaroiden lainaus (mm. liikuntav\u00e4lineet, PA-j\u00e4rjestelm\u00e4, puutarhan mahdollinen vuokraus)<\/li>\n\n\n\n<li class=\"has-source-serif-pro-font-family\">S\u00e4hk\u00f6postilistan kautta tapahtuva tiedotus (viikkofaksi viikottain sek\u00e4 mm. sijaislistoja, ty\u00f6paikkailmoituksia)<\/li>\n\n\n\n<li class=\"has-source-serif-pro-font-family\">Slice-tunnukset (Slice on opiskelijaetuja sis\u00e4lt\u00e4v\u00e4 sovellus) Lis\u00e4\u00e4 ohjeita Slice.fi:n aktivoinnista l\u00f6yd\u00e4t <span style=\"text-decoration: underline;\"><a href=\"https:\/\/opekas.utu.fi\/?page_id=58\" target=\"_blank\" rel=\"noopener\" title=\"\">t\u00e4\u00e4lt\u00e4!<\/a><\/span><\/li>\n<\/ul>\n\n\n\n<p><\/p>\n","protected":false},"excerpt":{"rendered":"<p>J\u00e4seneksi Opekas ry:n j\u00e4seneksi voit liitty\u00e4 Kide.appin kautta. Maksu on lukuvuosikohtainen ja kaudella 2025-2026 j\u00e4senmaksu on 15 euroa. J\u00e4senmaksun maksamisen olet oikeutettu muun muassa seuraaviin j\u00e4senetuihin:<\/p>\n","protected":false},"author":2,"featured_media":0,"parent":0,"menu_order":0,"comment_status":"closed","ping_status":"closed","template":"","meta":{"_uf_show_specific_survey":0,"_uf_disable_surveys":false,"_EventAllDay":false,"_EventTimezone":"","_EventStartDate":"","_EventEndDate":"","_EventStartDateUTC":"","_EventEndDateUTC":"","_EventShowMap":false,"_EventShowMapLink":false,"_EventURL":"","_EventCost":"","_EventCostDescription":"","_EventCurrencySymbol":"","_EventCurrencyCode":"","_EventCurrencyPosition":"","_EventDateTimeSeparator":"","_EventTimeRangeSeparator":"","_EventOrganizerID":[],"_EventVenueID":[],"_OrganizerEmail":"","_OrganizerPhone":"","_OrganizerWebsite":"","_VenueAddress":"","_VenueCity":"","_VenueCountry":"","_VenueProvince":"","_VenueState":"","_VenueZip":"","_VenuePhone":"","_VenueURL":"","_VenueStateProvince":"","_VenueLat":"","_VenueLng":"","_VenueShowMap":false,"_VenueShowMapLink":false,"footnotes":""},"class_list":["post-34","page","type-page","status-publish","hentry"],"aioseo_notices":[],"jetpack_sharing_enabled":true,"_links":{"self":[{"href":"https:\/\/opekas.utu.fi\/index.php?rest_route=\/wp\/v2\/pages\/34","targetHints":{"allow":["GET"]}}],"collection":[{"href":"https:\/\/opekas.utu.fi\/index.php?rest_route=\/wp\/v2\/pages"}],"about":[{"href":"https:\/\/opekas.utu.fi\/index.php?rest_route=\/wp\/v2\/types\/page"}],"author":[{"embeddable":true,"href":"https:\/\/opekas.utu.fi\/index.php?rest_route=\/wp\/v2\/users\/2"}],"replies":[{"embeddable":true,"href":"https:\/\/opekas.utu.fi\/index.php?rest_route=%2Fwp%2Fv2%2Fcomments&post=34"}],"version-history":[{"count":6,"href":"https:\/\/opekas.utu.fi\/index.php?rest_route=\/wp\/v2\/pages\/34\/revisions"}],"predecessor-version":[{"id":257,"href":"https:\/\/opekas.utu.fi\/index.php?rest_route=\/wp\/v2\/pages\/34\/revisions\/257"}],"wp:attachment":[{"href":"https:\/\/opekas.utu.fi\/index.php?rest_route=%2Fwp%2Fv2%2Fmedia&parent=34"}],"curies":[{"name":"wp","href":"https:\/\/api.w.org\/{rel}","templated":true}]}}