{"id":30,"date":"2025-11-09T15:33:52","date_gmt":"2025-11-09T13:33:52","guid":{"rendered":"https:\/\/opekas.utu.fi\/?page_id=30"},"modified":"2026-04-06T11:38:43","modified_gmt":"2026-04-06T08:38:43","slug":"hallitus","status":"publish","type":"page","link":"https:\/\/opekas.utu.fi\/?page_id=30","title":{"rendered":"Hallitus"},"content":{"rendered":"\n<div class=\"wp-block-media-text has-media-on-the-right is-stacked-on-mobile\" style=\"grid-template-columns:auto 27%\"><div class=\"wp-block-media-text__content\">\n<h2 class=\"wp-block-heading\">Hallitus<\/h2>\n<\/div><figure class=\"wp-block-media-text__media\"><img loading=\"lazy\" decoding=\"async\" width=\"1024\" height=\"1024\" src=\"https:\/\/opekas.utu.fi\/wp-content\/uploads\/2025\/11\/Opekas-logo.uusi_.some_.pdf-1024x1024.png\" alt=\"\" class=\"wp-image-152 size-full\" srcset=\"https:\/\/opekas.utu.fi\/wp-content\/uploads\/2025\/11\/Opekas-logo.uusi_.some_.pdf-1024x1024.png 1024w, https:\/\/opekas.utu.fi\/wp-content\/uploads\/2025\/11\/Opekas-logo.uusi_.some_.pdf-300x300.png 300w, https:\/\/opekas.utu.fi\/wp-content\/uploads\/2025\/11\/Opekas-logo.uusi_.some_.pdf-150x150.png 150w, https:\/\/opekas.utu.fi\/wp-content\/uploads\/2025\/11\/Opekas-logo.uusi_.some_.pdf-768x768.png 768w, https:\/\/opekas.utu.fi\/wp-content\/uploads\/2025\/11\/Opekas-logo.uusi_.some_.pdf-1536x1536.png 1536w, https:\/\/opekas.utu.fi\/wp-content\/uploads\/2025\/11\/Opekas-logo.uusi_.some_.pdf.png 2000w\" sizes=\"auto, (max-width: 1024px) 100vw, 1024px\" \/><\/figure><\/div>\n\n\n\n<figure class=\"wp-block-image size-full is-style-default\"><img decoding=\"async\" src=\"https:\/\/opekas.utu.fi\/wp-content\/uploads\/2026\/03\/Hallitusjuliste-2025-toimi-2-3.jpg\" alt=\"\" class=\"wp-image-371\"\/><\/figure>\n\n\n\n<h2 class=\"wp-block-heading has-text-align-center\"><strong>Opekas hallitus 2026<\/strong><\/h2>\n\n\n\n<p class=\"has-text-align-center has-source-serif-pro-font-family\"><strong>Puheenjohtajisto<\/strong><\/p>\n\n\n\n<p class=\"has-text-align-center has-source-serif-pro-font-family\">Lotta J\u00e4rvenp\u00e4\u00e4 \/ Puheenjohtaja<\/p>\n\n\n\n<p class=\"has-text-align-center has-source-serif-pro-font-family\">Aleksi Nurmi \/ Varapuheenjohtaja<\/p>\n\n\n\n<p class=\"has-text-align-center has-source-serif-pro-font-family\">opekas-puheenjohtaja@utu.fi<\/p>\n\n\n\n<p><\/p>\n\n\n\n<p class=\"has-text-align-center has-source-serif-pro-font-family\"><strong>Edunvalvontatiimi<\/strong><\/p>\n\n\n\n<p class=\"has-text-align-center has-source-serif-pro-font-family\">Kukka Lonka \/ SOOL-vastaava<\/p>\n\n\n\n<p class=\"has-text-align-center has-source-serif-pro-font-family\">Ella Ojanper\u00e4 \/ TYY-vastaava<\/p>\n\n\n\n<p class=\"has-text-align-center has-source-serif-pro-font-family\">Kalle Halmela \/ Kansainv\u00e4lisyysvastaava<\/p>\n\n\n\n<p class=\"has-text-align-center has-source-serif-pro-font-family\">Claudia Gonzalez \/ Hallopedvastaava<\/p>\n\n\n\n<p class=\"has-text-align-center has-source-serif-pro-font-family\">opekas-edunvalvonta@utu.fi<\/p>\n\n\n\n<p><\/p>\n\n\n\n<p class=\"has-text-align-center has-source-serif-pro-font-family\"><strong>Viestint\u00e4- ja kalustotiimi<\/strong><\/p>\n\n\n\n<p class=\"has-text-align-center has-source-serif-pro-font-family\">Linnea Doan \/ Taloudenhoitaja, kalustovastaava<\/p>\n\n\n\n<p class=\"has-text-align-center has-source-serif-pro-font-family\">Kalle Pekkarinen \/ Sihteeri, Slice, j\u00e4senrekisteri<\/p>\n\n\n\n<p class=\"has-text-align-center has-source-serif-pro-font-family\">Venla Loukasm\u00e4ki \/ Some- ja tiedotusvastaava<\/p>\n\n\n\n<p class=\"has-text-align-center has-source-serif-pro-font-family\">Rakel Ronimus \/ Some- ja tiedotusvastaava<\/p>\n\n\n\n<p class=\"has-text-align-center has-source-serif-pro-font-family\">opekas-talous@utu.fi<\/p>\n\n\n\n<p class=\"has-text-align-center has-source-serif-pro-font-family\">opekas-sihteeri@utu.fi<\/p>\n\n\n\n<p><\/p>\n\n\n\n<p class=\"has-text-align-center has-source-serif-pro-font-family\"><strong>Opiskelijakulttuuri<\/strong><\/p>\n\n\n\n<p class=\"has-text-align-center has-source-serif-pro-font-family\">Rosa Kouvalainen \/ Perinnevastaava<\/p>\n\n\n\n<p class=\"has-text-align-center has-source-serif-pro-font-family\">Olli Paukola \/ Yhteisty\u00f6vastaava<\/p>\n\n\n\n<p class=\"has-text-align-center has-source-serif-pro-font-family\">Ella Saranp\u00e4\u00e4 \/ Hupivastaava<\/p>\n\n\n\n<p class=\"has-text-align-center has-source-serif-pro-font-family\">Angelika Mikkonen \/ Kulttuurivastaava<\/p>\n\n\n\n<p class=\"has-text-align-center has-source-serif-pro-font-family\">opekas-kulttuuri@utu.fi<\/p>\n\n\n\n<p><\/p>\n\n\n\n<p class=\"has-text-align-center has-source-serif-pro-font-family\"><strong>Liikunta ja hyvinvointi<\/strong><\/p>\n\n\n\n<p class=\"has-text-align-center has-source-serif-pro-font-family\">Aleksi Pihlajam\u00e4ki \/ Liikunta- ja hyvinvointivastaava<\/p>\n\n\n\n<p class=\"has-text-align-center has-source-serif-pro-font-family\">Siiri Airio \/ Liikunta- ja hyvinvointivastaava<\/p>\n\n\n\n<p class=\"has-text-align-center has-source-serif-pro-font-family\">opekas-liikunta@utu.fi<\/p>\n\n\n\n<p><\/p>\n\n\n\n<p class=\"has-text-align-center has-source-serif-pro-font-family\"><strong>Yhdenvertaisuusvastaavana <\/strong>Claudia Gonzalez<\/p>\n\n\n\n<p class=\"has-text-align-center has-source-serif-pro-font-family\"><strong>Nettisivuvastaavina <\/strong>Kalle Pekkarinen ja Olli Paukola<\/p>\n\n\n\n<p class=\"has-text-align-center has-source-serif-pro-font-family\"><strong>Ymp\u00e4rist\u00f6vastaavana <\/strong>Siiri Airio ja Aleksi Pihlajam\u00e4ki<\/p>\n\n\n\n<p class=\"has-text-align-center has-source-serif-pro-font-family\"><strong>Fuksivastaavina <\/strong>Olli Paukola, Kukka Lonka ja Rosa Kouvalainen<\/p>\n\n\n\n<p class=\"has-text-align-center has-source-serif-pro-font-family\"><strong>Tuutorvastaavina <\/strong>Ella Ojanper\u00e4 ja Aleksi Pihlajam\u00e4ki<\/p>\n\n\n\n<p class=\"has-text-align-center has-source-serif-pro-font-family\"><strong>Yritys- ja yhteisty\u00f6vastaavina <\/strong>Lotta J\u00e4rvenp\u00e4\u00e4 ja Aleksi Nurmi<\/p>\n\n\n\n<p class=\"has-text-align-center has-source-serif-pro-font-family\">Koko hallitukselle voit laittaa s\u00e4hk\u00f6postia opekas@utu.fi<\/p>\n\n\n\n<p class=\"has-text-align-center has-source-serif-pro-font-family\"><\/p>\n\n\n\n<p class=\"has-text-align-center has-source-serif-pro-font-family\"><\/p>\n","protected":false},"excerpt":{"rendered":"<p>Hallitus Opekas hallitus 2026 Puheenjohtajisto Lotta J\u00e4rvenp\u00e4\u00e4 \/ Puheenjohtaja Aleksi Nurmi \/ Varapuheenjohtaja opekas-puheenjohtaja@utu.fi Edunvalvontatiimi Kukka Lonka \/ SOOL-vastaava Ella Ojanper\u00e4 \/ TYY-vastaava Kalle Halmela \/ Kansainv\u00e4lisyysvastaava Claudia Gonzalez \/ [&hellip;]<\/p>\n","protected":false},"author":2,"featured_media":0,"parent":0,"menu_order":0,"comment_status":"closed","ping_status":"closed","template":"","meta":{"_uf_show_specific_survey":0,"_uf_disable_surveys":false,"_EventAllDay":false,"_EventTimezone":"","_EventStartDate":"","_EventEndDate":"","_EventStartDateUTC":"","_EventEndDateUTC":"","_EventShowMap":false,"_EventShowMapLink":false,"_EventURL":"","_EventCost":"","_EventCostDescription":"","_EventCurrencySymbol":"","_EventCurrencyCode":"","_EventCurrencyPosition":"","_EventDateTimeSeparator":"","_EventTimeRangeSeparator":"","_EventOrganizerID":[],"_EventVenueID":[],"_OrganizerEmail":"","_OrganizerPhone":"","_OrganizerWebsite":"","_VenueAddress":"","_VenueCity":"","_VenueCountry":"","_VenueProvince":"","_VenueState":"","_VenueZip":"","_VenuePhone":"","_VenueURL":"","_VenueStateProvince":"","_VenueLat":"","_VenueLng":"","_VenueShowMap":false,"_VenueShowMapLink":false,"footnotes":""},"class_list":["post-30","page","type-page","status-publish","hentry"],"aioseo_notices":[],"jetpack_sharing_enabled":true,"_links":{"self":[{"href":"https:\/\/opekas.utu.fi\/index.php?rest_route=\/wp\/v2\/pages\/30","targetHints":{"allow":["GET"]}}],"collection":[{"href":"https:\/\/opekas.utu.fi\/index.php?rest_route=\/wp\/v2\/pages"}],"about":[{"href":"https:\/\/opekas.utu.fi\/index.php?rest_route=\/wp\/v2\/types\/page"}],"author":[{"embeddable":true,"href":"https:\/\/opekas.utu.fi\/index.php?rest_route=\/wp\/v2\/users\/2"}],"replies":[{"embeddable":true,"href":"https:\/\/opekas.utu.fi\/index.php?rest_route=%2Fwp%2Fv2%2Fcomments&post=30"}],"version-history":[{"count":13,"href":"https:\/\/opekas.utu.fi\/index.php?rest_route=\/wp\/v2\/pages\/30\/revisions"}],"predecessor-version":[{"id":374,"href":"https:\/\/opekas.utu.fi\/index.php?rest_route=\/wp\/v2\/pages\/30\/revisions\/374"}],"wp:attachment":[{"href":"https:\/\/opekas.utu.fi\/index.php?rest_route=%2Fwp%2Fv2%2Fmedia&parent=30"}],"curies":[{"name":"wp","href":"https:\/\/api.w.org\/{rel}","templated":true}]}}