{"id":175,"date":"2025-11-09T23:24:32","date_gmt":"2025-11-09T21:24:32","guid":{"rendered":"https:\/\/opekas.utu.fi\/?page_id=175"},"modified":"2025-11-19T21:51:34","modified_gmt":"2025-11-19T19:51:34","slug":"edunvalvonta","status":"publish","type":"page","link":"https:\/\/opekas.utu.fi\/?page_id=175","title":{"rendered":"Edunvalvonta"},"content":{"rendered":"\n<div class=\"wp-block-media-text has-media-on-the-right is-stacked-on-mobile\" style=\"margin-top:0;margin-bottom:0;grid-template-columns:auto 27%\"><div class=\"wp-block-media-text__content\">\n<h2 class=\"wp-block-heading\">Edunvalvonta<\/h2>\n<\/div><figure class=\"wp-block-media-text__media\"><img loading=\"lazy\" decoding=\"async\" width=\"1024\" height=\"1024\" src=\"https:\/\/opekas.utu.fi\/wp-content\/uploads\/2025\/11\/Opekas-logo.uusi_.some_.pdf-1024x1024.png\" alt=\"\" class=\"wp-image-152 size-full\" srcset=\"https:\/\/opekas.utu.fi\/wp-content\/uploads\/2025\/11\/Opekas-logo.uusi_.some_.pdf-1024x1024.png 1024w, https:\/\/opekas.utu.fi\/wp-content\/uploads\/2025\/11\/Opekas-logo.uusi_.some_.pdf-300x300.png 300w, https:\/\/opekas.utu.fi\/wp-content\/uploads\/2025\/11\/Opekas-logo.uusi_.some_.pdf-150x150.png 150w, https:\/\/opekas.utu.fi\/wp-content\/uploads\/2025\/11\/Opekas-logo.uusi_.some_.pdf-768x768.png 768w, https:\/\/opekas.utu.fi\/wp-content\/uploads\/2025\/11\/Opekas-logo.uusi_.some_.pdf-1536x1536.png 1536w, https:\/\/opekas.utu.fi\/wp-content\/uploads\/2025\/11\/Opekas-logo.uusi_.some_.pdf.png 2000w\" sizes=\"auto, (max-width: 1024px) 100vw, 1024px\" \/><\/figure><\/div>\n\n\n\n<p class=\"has-source-serif-pro-font-family\">Opekas ry:n ensisijaisena teht\u00e4v\u00e4n\u00e4 on toimia Turun yliopiston Rauman kampuksen edunvalvontaj\u00e4rjest\u00f6n\u00e4. Edunvalvonta voidaan karkeasti jakaa koulutuspolitiikkaan (kopo)&nbsp; ja sosiaalipolitiikkaan (sopo), mutta edunvalvonnan piiriin kuuluu l\u00e4hes kaikki Opekas ry:n toiminta.&nbsp;<\/p>\n\n\n\n<p class=\"has-source-serif-pro-font-family\">Edunvalvonnassa t\u00e4rkeint\u00e4 on valvoa Opekas ry:n j\u00e4senist\u00f6n etua yliopistolla sek\u00e4 muuhun opiskelijael\u00e4m\u00e4\u00e4n liittyviss\u00e4 asioissa. Edunvalvonta pyrkii tarttumaan ep\u00e4kohtiin ja tuomaan opiskelijoiden \u00e4\u00e4nt\u00e4 kuuluviin.&nbsp;<\/p>\n\n\n\n<p class=\"has-source-serif-pro-font-family\">Edunvalvonnan tavoitteena on luoda kampukselle turvallinen ymp\u00e4rist\u00f6 ja ilmapiiri, jossa on hyv\u00e4 olla. Edunvalvonta tekee yhteisty\u00f6t\u00e4 muiden Rauman kampuksen j\u00e4rjest\u00f6jen sek\u00e4&nbsp; TYYN:n kanssa.<\/p>\n\n\n\n<p class=\"has-source-serif-pro-font-family\">Edunvalvonnassa pyrimme keskustelulla ja kokouksilla pysym\u00e4\u00e4n aina mahdollisimman ajan tasalla p\u00e4\u00e4t\u00f6ksist\u00e4, koulutuksista ja tapahtuvista asioista.<\/p>\n\n\n\n<h3 class=\"wp-block-heading\">Koulutuspolitiikka<\/h3>\n\n\n\n<p class=\"has-source-serif-pro-font-family\">Koulutuspolitiikalla parannetaan koulutuksen laatua, kehitet\u00e4\u00e4n opetusta sek\u00e4 valvotaan opiskelijoiden etua yliopiston hallinnon eri tasoilla. Opekas ry vaikuttaa koulutuspoliittisesti opiskelijoiden etuun yliopiston, kaupungin ja mahdollisesti valtakunnallisella tasolla.<\/p>\n\n\n\n<h3 class=\"wp-block-heading\">Sosiaalipolitiikka<\/h3>\n\n\n\n<p class=\"has-source-serif-pro-font-family\">Sosiaalipolitiikalla pyrit\u00e4\u00e4n edist\u00e4m\u00e4\u00e4n opiskelijoiden kokonaisvaltaista hyvinvointia ja v\u00e4hent\u00e4m\u00e4\u00e4n eriarvoisuutta. Opekas ry vaikuttaa sosiaalipoliittisesti opiskelijoiden etuun&nbsp; yliopiston, kaupungin ja mahdollisesti valtakunnallisella tasolla.<\/p>\n\n\n\n<h3 class=\"wp-block-heading\">Kolmiportaisen tuen malli<\/h3>\n\n\n\n<p class=\"has-source-serif-pro-font-family\">Mik\u00e4li ongelmia ilmenee kurssien sis\u00e4ll\u00f6iss\u00e4, opetuksessa, ty\u00f6m\u00e4\u00e4r\u00e4ss\u00e4 tai henkil\u00f6kohtaisesti koet, ett\u00e4 sinua kohtaan on toimittu v\u00e4\u00e4rin noudata seuraavaa j\u00e4rjestyst\u00e4 ongelman ratkaisemiseksi.<\/p>\n\n\n\n<ol class=\"wp-block-list has-source-serif-pro-font-family\">\n<li>Opettaja-opiskelija rakentava vuorovaikutus<\/li>\n<\/ol>\n\n\n\n<p class=\"has-source-serif-pro-font-family\">Ota yhteytt\u00e4 opettajaan henkil\u00f6kohtaisesti. Esit\u00e4 asia, kuten olet sen kokenut. Kaikki kokevat asiat eri tavoin ja usein asiat selvi\u00e4v\u00e4t rakentavalla keskustelulla. T\u00e4ll\u00e4 voidaan purkaa ongelmaa ja mahdollisesti poistaa se.&nbsp;<\/p>\n\n\n\n<ol start=\"2\" class=\"wp-block-list has-source-serif-pro-font-family\">\n<li>Yhteydenotto Opekas ry:n edunvalvontaan<\/li>\n<\/ol>\n\n\n\n<p class=\"has-source-serif-pro-font-family\">Mik\u00e4li asia ei ratkea kahden keskeisell\u00e4 keskustelulla, ota yhteytt\u00e4 edunvalvontaan. Opekas ry:n edunvalvojat kuuntelevat, auttavat ja pyrkiv\u00e4t selvitt\u00e4m\u00e4\u00e4n tilannetta kanssasi parhaalla mahdollisella tavalla. Opekas ry tekee yhteisty\u00f6t\u00e4 TYY:n, YTHS ja Turun yliopiston kanssa.&nbsp;<\/p>\n\n\n\n<p class=\"has-source-serif-pro-font-family\">Ota yhteytt\u00e4 ensisijaisesti virallisten yhteydenotto kanavien kanssa.&nbsp;<\/p>\n\n\n\n<p class=\"has-source-serif-pro-font-family\"><a href=\"mailto:opekas-edunvalvonta@utu.fi\">opekas-edunvalvonta@utu.fi<\/a><\/p>\n\n\n\n<p class=\"has-source-serif-pro-font-family\">Voit my\u00f6s tarvittaessa l\u00e4hesty\u00e4 sopivaa edunvalvojaa asian tiimoilta.<\/p>\n\n\n\n<ol start=\"3\" class=\"wp-block-list has-source-serif-pro-font-family\">\n<li>Yhteydenotto Rauman kampuksen laitosjohtoon. Seuraavat henkil\u00f6t auttavat asian tiimoilta.<\/li>\n<\/ol>\n\n\n\n<p class=\"has-source-serif-pro-font-family\">Laitoksen varajohtaja Sara Sintonen,&nbsp;<\/p>\n\n\n\n<p class=\"has-source-serif-pro-font-family\">\u00c4l\u00e4 j\u00e4\u00e4 ongelman kanssa yksin. Aina on joku, kuka haluaa auttaa.&nbsp;<\/p>\n","protected":false},"excerpt":{"rendered":"<p>Edunvalvonta Opekas ry:n ensisijaisena teht\u00e4v\u00e4n\u00e4 on toimia Turun yliopiston Rauman kampuksen edunvalvontaj\u00e4rjest\u00f6n\u00e4. Edunvalvonta voidaan karkeasti jakaa koulutuspolitiikkaan (kopo)&nbsp; ja sosiaalipolitiikkaan (sopo), mutta edunvalvonnan piiriin kuuluu l\u00e4hes kaikki Opekas ry:n toiminta.&nbsp; [&hellip;]<\/p>\n","protected":false},"author":2,"featured_media":0,"parent":0,"menu_order":0,"comment_status":"closed","ping_status":"closed","template":"","meta":{"_uf_show_specific_survey":0,"_uf_disable_surveys":false,"_EventAllDay":false,"_EventTimezone":"","_EventStartDate":"","_EventEndDate":"","_EventStartDateUTC":"","_EventEndDateUTC":"","_EventShowMap":false,"_EventShowMapLink":false,"_EventURL":"","_EventCost":"","_EventCostDescription":"","_EventCurrencySymbol":"","_EventCurrencyCode":"","_EventCurrencyPosition":"","_EventDateTimeSeparator":"","_EventTimeRangeSeparator":"","_EventOrganizerID":[],"_EventVenueID":[],"_OrganizerEmail":"","_OrganizerPhone":"","_OrganizerWebsite":"","_VenueAddress":"","_VenueCity":"","_VenueCountry":"","_VenueProvince":"","_VenueState":"","_VenueZip":"","_VenuePhone":"","_VenueURL":"","_VenueStateProvince":"","_VenueLat":"","_VenueLng":"","_VenueShowMap":false,"_VenueShowMapLink":false,"footnotes":""},"class_list":["post-175","page","type-page","status-publish","hentry"],"aioseo_notices":[],"jetpack_sharing_enabled":true,"_links":{"self":[{"href":"https:\/\/opekas.utu.fi\/index.php?rest_route=\/wp\/v2\/pages\/175","targetHints":{"allow":["GET"]}}],"collection":[{"href":"https:\/\/opekas.utu.fi\/index.php?rest_route=\/wp\/v2\/pages"}],"about":[{"href":"https:\/\/opekas.utu.fi\/index.php?rest_route=\/wp\/v2\/types\/page"}],"author":[{"embeddable":true,"href":"https:\/\/opekas.utu.fi\/index.php?rest_route=\/wp\/v2\/users\/2"}],"replies":[{"embeddable":true,"href":"https:\/\/opekas.utu.fi\/index.php?rest_route=%2Fwp%2Fv2%2Fcomments&post=175"}],"version-history":[{"count":3,"href":"https:\/\/opekas.utu.fi\/index.php?rest_route=\/wp\/v2\/pages\/175\/revisions"}],"predecessor-version":[{"id":254,"href":"https:\/\/opekas.utu.fi\/index.php?rest_route=\/wp\/v2\/pages\/175\/revisions\/254"}],"wp:attachment":[{"href":"https:\/\/opekas.utu.fi\/index.php?rest_route=%2Fwp%2Fv2%2Fmedia&parent=175"}],"curies":[{"name":"wp","href":"https:\/\/api.w.org\/{rel}","templated":true}]}}